{"id":412,"date":"2024-08-14T04:52:55","date_gmt":"2024-08-14T04:52:55","guid":{"rendered":"https:\/\/www2.oldtimertaxatie.be\/index.php\/conseils-et-inspections\/"},"modified":"2024-10-02T04:36:05","modified_gmt":"2024-10-02T04:36:05","slug":"conseils-et-inspections","status":"publish","type":"page","link":"https:\/\/www2.oldtimertaxatie.be\/index.php\/conseils-et-inspections\/?lang=fr","title":{"rendered":"Conseils et inspections"},"content":{"rendered":"\n<p><strong>Inspections des achats sur le territoire national et \u00e0 l&#8217;\u00e9tranger<\/strong><\/p>\n\n<p>Vous savez qu&#8217;une voiture classique ou une voiture de sport est en vente quelque part, mais vous n&#8217;avez ni le temps ni les connaissances n\u00e9cessaires pour aller l&#8217;\u00e9valuer sur place avec le vendeur.\nOu vous souhaitez un avis compl\u00e9mentaire sur l&#8217;\u00e9tat et la valeur du v\u00e9hicule que vous voulez acheter ? <\/p>\n\n<figure class=\"wp-block-image size-full is-resized\"><img loading=\"lazy\" decoding=\"async\" width=\"1000\" height=\"667\" src=\"https:\/\/www2.oldtimertaxatie.be\/wp-content\/uploads\/2024\/09\/20180506-_DSC0976.jpg\" alt=\"\" class=\"wp-image-76\" style=\"width:802px;height:auto\" srcset=\"https:\/\/www2.oldtimertaxatie.be\/wp-content\/uploads\/2024\/09\/20180506-_DSC0976.jpg 1000w, https:\/\/www2.oldtimertaxatie.be\/wp-content\/uploads\/2024\/09\/20180506-_DSC0976-300x200.jpg 300w, https:\/\/www2.oldtimertaxatie.be\/wp-content\/uploads\/2024\/09\/20180506-_DSC0976-768x512.jpg 768w\" sizes=\"auto, (max-width: 1000px) 100vw, 1000px\" \/><\/figure>\n\n<p><strong>Assistance \u00e0 la vente aux ench\u00e8res<\/strong><\/p>\n\n<p>Vous \u00eates int\u00e9ress\u00e9 par une voiture propos\u00e9e aux ench\u00e8res mais vous n&#8217;avez pas la possibilit\u00e9 de vous rendre sur place pour la voir ?<\/p>\n\n<figure class=\"wp-block-gallery has-nested-images columns-default is-cropped wp-block-gallery-1 is-layout-flex wp-block-gallery-is-layout-flex\">\n<figure class=\"wp-block-image size-large\"><img loading=\"lazy\" decoding=\"async\" width=\"800\" height=\"531\" data-id=\"86\" src=\"https:\/\/www2.oldtimertaxatie.be\/wp-content\/uploads\/2024\/09\/auction3.jpg\" alt=\"\" class=\"wp-image-86\" srcset=\"https:\/\/www2.oldtimertaxatie.be\/wp-content\/uploads\/2024\/09\/auction3.jpg 800w, https:\/\/www2.oldtimertaxatie.be\/wp-content\/uploads\/2024\/09\/auction3-300x199.jpg 300w, https:\/\/www2.oldtimertaxatie.be\/wp-content\/uploads\/2024\/09\/auction3-768x510.jpg 768w\" sizes=\"auto, (max-width: 800px) 100vw, 800px\" \/><\/figure>\n\n\n\n<figure class=\"wp-block-image size-large\"><img loading=\"lazy\" decoding=\"async\" width=\"562\" height=\"346\" data-id=\"84\" src=\"https:\/\/www2.oldtimertaxatie.be\/wp-content\/uploads\/2024\/09\/auction1.jpg\" alt=\"\" class=\"wp-image-84\" srcset=\"https:\/\/www2.oldtimertaxatie.be\/wp-content\/uploads\/2024\/09\/auction1.jpg 562w, https:\/\/www2.oldtimertaxatie.be\/wp-content\/uploads\/2024\/09\/auction1-300x185.jpg 300w\" sizes=\"auto, (max-width: 562px) 100vw, 562px\" \/><\/figure>\n\n\n\n<figure class=\"wp-block-image size-large\"><img loading=\"lazy\" decoding=\"async\" width=\"470\" height=\"313\" data-id=\"87\" src=\"https:\/\/www2.oldtimertaxatie.be\/wp-content\/uploads\/2024\/09\/auction4.jpg\" alt=\"\" class=\"wp-image-87\" srcset=\"https:\/\/www2.oldtimertaxatie.be\/wp-content\/uploads\/2024\/09\/auction4.jpg 470w, https:\/\/www2.oldtimertaxatie.be\/wp-content\/uploads\/2024\/09\/auction4-300x200.jpg 300w\" sizes=\"auto, (max-width: 470px) 100vw, 470px\" \/><\/figure>\n<\/figure>\n\n<p><br\/><br\/>Vous pouvez faire appel \u00e0 nos services pour obtenir un rapport plus sp\u00e9cifique et plus complet qui va au-del\u00e0 d&#8217;une \u00e9valuation standard. Moyennant un tarif pr\u00e9d\u00e9termin\u00e9, nous nous rendons sur place pour \u00e9tablir un diagnostic personnalis\u00e9. <br\/>Un rapport t\u00e9l\u00e9phonique imm\u00e9diat \u00e0 partir du v\u00e9hicule est \u00e9galement possible, par exemple pour les voitures vendues aux ench\u00e8res.<\/p>\n\n<p><\/p>\n\n<p><br\/>A<strong>ssistance FIVA<\/strong> La demande d&#8217;une carte d&#8217;identit\u00e9 Fiva est une affaire qui prend du temps et qui n\u00e9cessite des connaissances techniques approfondies.\nNous avons une grande exp\u00e9rience dans la demande de cartes d&#8217;identit\u00e9 Fiva pour les voitures de collection. <br\/><\/p>\n\n<figure class=\"wp-block-image size-full\"><img loading=\"lazy\" decoding=\"async\" width=\"300\" height=\"212\" src=\"https:\/\/www2.oldtimertaxatie.be\/wp-content\/uploads\/2024\/09\/thumbnail_image007.png\" alt=\"\" class=\"wp-image-178\"\/><\/figure>\n\n<p><\/p>\n\n<figure class=\"wp-block-image size-large\"><img loading=\"lazy\" decoding=\"async\" width=\"1024\" height=\"683\" src=\"https:\/\/www2.oldtimertaxatie.be\/wp-content\/uploads\/2024\/09\/20181015-_DSC5961-1024x683.jpg\" alt=\"\" class=\"wp-image-82\" srcset=\"https:\/\/www2.oldtimertaxatie.be\/wp-content\/uploads\/2024\/09\/20181015-_DSC5961-1024x683.jpg 1024w, https:\/\/www2.oldtimertaxatie.be\/wp-content\/uploads\/2024\/09\/20181015-_DSC5961-300x200.jpg 300w, https:\/\/www2.oldtimertaxatie.be\/wp-content\/uploads\/2024\/09\/20181015-_DSC5961-768x513.jpg 768w, https:\/\/www2.oldtimertaxatie.be\/wp-content\/uploads\/2024\/09\/20181015-_DSC5961-1536x1025.jpg 1536w, https:\/\/www2.oldtimertaxatie.be\/wp-content\/uploads\/2024\/09\/20181015-_DSC5961-2048x1367.jpg 2048w\" sizes=\"auto, (max-width: 1024px) 100vw, 1024px\" \/><\/figure>\n","protected":false},"excerpt":{"rendered":"<p>Inspections des achats sur le territoire national et \u00e0 l&#8217;\u00e9tranger Vous savez qu&#8217;une voiture classique ou une voiture de sport est en vente quelque part, mais vous n&#8217;avez ni le temps ni les connaissances n\u00e9cessaires pour aller l&#8217;\u00e9valuer sur place avec le vendeur. Ou vous souhaitez un avis compl\u00e9mentaire sur l&#8217;\u00e9tat et la valeur du [&hellip;]<\/p>\n","protected":false},"author":1,"featured_media":0,"parent":0,"menu_order":0,"comment_status":"closed","ping_status":"closed","template":"","meta":{"footnotes":""},"class_list":["post-412","page","type-page","status-publish","hentry"],"_links":{"self":[{"href":"https:\/\/www2.oldtimertaxatie.be\/index.php\/wp-json\/wp\/v2\/pages\/412","targetHints":{"allow":["GET"]}}],"collection":[{"href":"https:\/\/www2.oldtimertaxatie.be\/index.php\/wp-json\/wp\/v2\/pages"}],"about":[{"href":"https:\/\/www2.oldtimertaxatie.be\/index.php\/wp-json\/wp\/v2\/types\/page"}],"author":[{"embeddable":true,"href":"https:\/\/www2.oldtimertaxatie.be\/index.php\/wp-json\/wp\/v2\/users\/1"}],"replies":[{"embeddable":true,"href":"https:\/\/www2.oldtimertaxatie.be\/index.php\/wp-json\/wp\/v2\/comments?post=412"}],"version-history":[{"count":1,"href":"https:\/\/www2.oldtimertaxatie.be\/index.php\/wp-json\/wp\/v2\/pages\/412\/revisions"}],"predecessor-version":[{"id":413,"href":"https:\/\/www2.oldtimertaxatie.be\/index.php\/wp-json\/wp\/v2\/pages\/412\/revisions\/413"}],"wp:attachment":[{"href":"https:\/\/www2.oldtimertaxatie.be\/index.php\/wp-json\/wp\/v2\/media?parent=412"}],"curies":[{"name":"wp","href":"https:\/\/api.w.org\/{rel}","templated":true}]}}