{"id":420,"date":"2024-09-18T17:04:48","date_gmt":"2024-09-18T17:04:48","guid":{"rendered":"https:\/\/www2.oldtimertaxatie.be\/index.php\/wer-sind-wir\/"},"modified":"2024-10-02T17:06:28","modified_gmt":"2024-10-02T17:06:28","slug":"wer-sind-wir","status":"publish","type":"page","link":"https:\/\/www2.oldtimertaxatie.be\/index.php\/wer-sind-wir\/?lang=de","title":{"rendered":"Wer sind wir?"},"content":{"rendered":"\n<p><strong>Gert R\u00fcben<\/strong><\/p>\n\n<p><\/p>\n\n<figure class=\"wp-block-image size-large is-resized\"><img loading=\"lazy\" decoding=\"async\" width=\"1024\" height=\"683\" src=\"https:\/\/www2.oldtimertaxatie.be\/wp-content\/uploads\/2024\/09\/20181015-_DSC5956-1024x683.jpg\" alt=\"\" class=\"wp-image-158\" style=\"width:544px;height:auto\" srcset=\"https:\/\/www2.oldtimertaxatie.be\/wp-content\/uploads\/2024\/09\/20181015-_DSC5956-1024x683.jpg 1024w, https:\/\/www2.oldtimertaxatie.be\/wp-content\/uploads\/2024\/09\/20181015-_DSC5956-300x200.jpg 300w, https:\/\/www2.oldtimertaxatie.be\/wp-content\/uploads\/2024\/09\/20181015-_DSC5956-768x513.jpg 768w, https:\/\/www2.oldtimertaxatie.be\/wp-content\/uploads\/2024\/09\/20181015-_DSC5956-1536x1025.jpg 1536w, https:\/\/www2.oldtimertaxatie.be\/wp-content\/uploads\/2024\/09\/20181015-_DSC5956-2048x1367.jpg 2048w\" sizes=\"auto, (max-width: 1024px) 100vw, 1024px\" \/><\/figure>\n\n<p><\/p>\n\n<p>ist seit seiner Kindheit von allen Formen der Technik begeistert und besch\u00e4ftigt sich seit mehr als 35 Jahren aktiv mit Oldtimern.\nSchon als Student arbeitete er bei verschiedenen Spezialisten f\u00fcr Oldtimer und Markenh\u00e4ndler f\u00fcr Sportwagen.\nNach seinem Bachelor-Abschluss in Automobiltechnik (Hoger Technisch Instutuut K. Mercier Br\u00fcssel &#8211; 1992) wurde er Schadensgutachter bei verschiedenen Sachverst\u00e4ndigenb\u00fcros in der fl\u00e4mischen Region.  <\/p>\n\n<p>Seit der Jahrtausendwende ist Gert Mitbegr\u00fcnder von The Engine Room, einem Club, der Serviceleistungen f\u00fcr Besitzer exklusiver Autos anbietet, und von Beerens Classic Division, einem der gr\u00f6\u00dferen Akteure auf dem Oldtimermarkt.\n<br\/>Nach mehr als 10 Jahren Erfahrung im Handel mit klassischen und exklusiven Autos und mehr als 1.000 gehandelten Fahrzeugen kennt er den Markt wie kein anderer. Klassische Autos sind nicht nur sein Beruf, sondern eindeutig auch seine Leidenschaft.  <\/p>\n\n<p>Gert ist ein anerkannter Automobilexperte bei<\/p>\n\n<ul class=\"wp-block-list\">\n<li>Das IAE-IEA (Institutuut der Auto Experten), Zulassungsnummer 00022<\/li>\n\n\n\n<li>Assuralia, Zulassungsnummer 697<\/li>\n\n\n\n<li>BEHVA<\/li>\n\n\n\n<li>VRT<\/li>\n\n\n\n<li>Mitglied im Upex-Oldtimer-Komitee<\/li>\n\n\n\n<li>Mitglied bei ARGUS<\/li>\n\n\n\n<li>Mitglied Oldtimer-Komitee Goca<\/li>\n\n\n\n<li>Mitglied des Beirats von Interclassics Maastricht\/Br\u00fcssel<\/li>\n<\/ul>\n\n<p><\/p>\n\n<p><strong>Francis Luyckx<\/strong><\/p>\n\n<p><\/p>\n\n<figure class=\"wp-block-image size-large is-resized\"><img loading=\"lazy\" decoding=\"async\" width=\"1024\" height=\"683\" src=\"https:\/\/www2.oldtimertaxatie.be\/wp-content\/uploads\/2024\/09\/20181015-_DSC5922-1024x683.jpg\" alt=\"\" class=\"wp-image-157\" style=\"width:544px\" srcset=\"https:\/\/www2.oldtimertaxatie.be\/wp-content\/uploads\/2024\/09\/20181015-_DSC5922-1024x683.jpg 1024w, https:\/\/www2.oldtimertaxatie.be\/wp-content\/uploads\/2024\/09\/20181015-_DSC5922-300x200.jpg 300w, https:\/\/www2.oldtimertaxatie.be\/wp-content\/uploads\/2024\/09\/20181015-_DSC5922-768x513.jpg 768w, https:\/\/www2.oldtimertaxatie.be\/wp-content\/uploads\/2024\/09\/20181015-_DSC5922-1536x1025.jpg 1536w, https:\/\/www2.oldtimertaxatie.be\/wp-content\/uploads\/2024\/09\/20181015-_DSC5922-2048x1367.jpg 2048w\" sizes=\"auto, (max-width: 1024px) 100vw, 1024px\" \/><\/figure>\n\n<p><\/p>\n\n<p><br\/><br\/><br\/>interessiert sich seit seiner Kindheit f\u00fcr Autos und Motorr\u00e4der. Nach seinem Bachelor-Abschluss in Automobiltechnik (Hoger Technisch Instutuut K. Mercier Brussel &#8211; 1992) hat Francis mehr als 20 Jahre in den technischen Abteilungen mehrerer gro\u00dfer Hersteller gearbeitet. Francis ist ein anerkannter Automobilexperte bei<\/p>\n\n<ul class=\"wp-block-list\">\n<li>Das IAE-IEA (Institutuut der Auto Experten), Zulassungsnummer 00722<\/li>\n\n\n\n<li>BEHVA<\/li>\n\n\n\n<li>Mitglied im Upex-Oldtimer-Komitee<\/li>\n\n\n\n<li>Sachverst\u00e4ndiger bei verschiedenen Gerichten<\/li>\n<\/ul>\n\n<p>Au\u00dferdem sind wir bei verschiedenen Veranstaltungen als Richter oder F\u00fchrer t\u00e4tig<\/p>\n\n<ul class=\"wp-block-list\">\n<li>Antwerpener Concours<\/li>\n\n\n\n<li>Interclassics Maastricht<\/li>\n\n\n\n<li>Interclassics Br\u00fcssel<\/li>\n\n\n\n<li>Concours Zolder Historischer Grand Prix<\/li>\n\n\n\n<li>Antwerpener Klassischer Salon<\/li>\n\n\n\n<li>Club Concours verschiedener Markenclubs\n<ul class=\"wp-block-list\">\n<li>Porsche \/ BMW \/ Aston Martin \/ Alfa Romeo<\/li>\n<\/ul>\n<\/li>\n\n\n\n<li>Gro\u00dfer Preis von Salz<\/li>\n<\/ul>\n\n<p>Einige andere Autoenthusiasten, die wir dabei getroffen haben:<\/p>\n\n<p><strong>Fotos<\/strong><\/p>\n\n<figure class=\"wp-block-gallery has-nested-images columns-default is-cropped wp-block-gallery-1 is-layout-flex wp-block-gallery-is-layout-flex\">\n<figure class=\"wp-block-image size-large\"><img loading=\"lazy\" decoding=\"async\" width=\"1024\" height=\"768\" data-id=\"74\" src=\"https:\/\/www2.oldtimertaxatie.be\/wp-content\/uploads\/2024\/09\/Valentino-Balboni-1024x768.jpg\" alt=\"\" class=\"wp-image-74\" srcset=\"https:\/\/www2.oldtimertaxatie.be\/wp-content\/uploads\/2024\/09\/Valentino-Balboni-1024x768.jpg 1024w, https:\/\/www2.oldtimertaxatie.be\/wp-content\/uploads\/2024\/09\/Valentino-Balboni-300x225.jpg 300w, https:\/\/www2.oldtimertaxatie.be\/wp-content\/uploads\/2024\/09\/Valentino-Balboni-768x576.jpg 768w, https:\/\/www2.oldtimertaxatie.be\/wp-content\/uploads\/2024\/09\/Valentino-Balboni-1536x1152.jpg 1536w, https:\/\/www2.oldtimertaxatie.be\/wp-content\/uploads\/2024\/09\/Valentino-Balboni.jpg 1632w\" sizes=\"auto, (max-width: 1024px) 100vw, 1024px\" \/><\/figure>\n\n\n\n<figure class=\"wp-block-image size-large\"><img loading=\"lazy\" decoding=\"async\" width=\"1024\" height=\"768\" data-id=\"73\" src=\"https:\/\/www2.oldtimertaxatie.be\/wp-content\/uploads\/2024\/09\/Thierry-Boutsen-1024x768.jpg\" alt=\"\" class=\"wp-image-73\" srcset=\"https:\/\/www2.oldtimertaxatie.be\/wp-content\/uploads\/2024\/09\/Thierry-Boutsen-1024x768.jpg 1024w, https:\/\/www2.oldtimertaxatie.be\/wp-content\/uploads\/2024\/09\/Thierry-Boutsen-300x225.jpg 300w, https:\/\/www2.oldtimertaxatie.be\/wp-content\/uploads\/2024\/09\/Thierry-Boutsen-768x576.jpg 768w, https:\/\/www2.oldtimertaxatie.be\/wp-content\/uploads\/2024\/09\/Thierry-Boutsen-1536x1152.jpg 1536w, https:\/\/www2.oldtimertaxatie.be\/wp-content\/uploads\/2024\/09\/Thierry-Boutsen-2048x1536.jpg 2048w\" sizes=\"auto, (max-width: 1024px) 100vw, 1024px\" \/><\/figure>\n\n\n\n<figure class=\"wp-block-image size-large\"><img loading=\"lazy\" decoding=\"async\" width=\"1024\" height=\"647\" data-id=\"83\" src=\"https:\/\/www2.oldtimertaxatie.be\/wp-content\/uploads\/2024\/09\/Adolfo-Orsi-1024x647.jpg\" alt=\"\" class=\"wp-image-83\" srcset=\"https:\/\/www2.oldtimertaxatie.be\/wp-content\/uploads\/2024\/09\/Adolfo-Orsi-1024x647.jpg 1024w, https:\/\/www2.oldtimertaxatie.be\/wp-content\/uploads\/2024\/09\/Adolfo-Orsi-300x190.jpg 300w, https:\/\/www2.oldtimertaxatie.be\/wp-content\/uploads\/2024\/09\/Adolfo-Orsi-768x485.jpg 768w, https:\/\/www2.oldtimertaxatie.be\/wp-content\/uploads\/2024\/09\/Adolfo-Orsi-1536x971.jpg 1536w, https:\/\/www2.oldtimertaxatie.be\/wp-content\/uploads\/2024\/09\/Adolfo-Orsi-2048x1294.jpg 2048w\" sizes=\"auto, (max-width: 1024px) 100vw, 1024px\" \/><\/figure>\n\n\n\n<figure class=\"wp-block-image size-large\"><img loading=\"lazy\" decoding=\"async\" width=\"1024\" height=\"768\" data-id=\"88\" src=\"https:\/\/www2.oldtimertaxatie.be\/wp-content\/uploads\/2024\/09\/bibendum-1024x768.jpg\" alt=\"\" class=\"wp-image-88\" srcset=\"https:\/\/www2.oldtimertaxatie.be\/wp-content\/uploads\/2024\/09\/bibendum-1024x768.jpg 1024w, https:\/\/www2.oldtimertaxatie.be\/wp-content\/uploads\/2024\/09\/bibendum-300x225.jpg 300w, https:\/\/www2.oldtimertaxatie.be\/wp-content\/uploads\/2024\/09\/bibendum-768x576.jpg 768w, https:\/\/www2.oldtimertaxatie.be\/wp-content\/uploads\/2024\/09\/bibendum-1536x1152.jpg 1536w, https:\/\/www2.oldtimertaxatie.be\/wp-content\/uploads\/2024\/09\/bibendum-2048x1536.jpg 2048w\" sizes=\"auto, (max-width: 1024px) 100vw, 1024px\" \/><\/figure>\n\n\n\n<figure class=\"wp-block-image size-large\"><img loading=\"lazy\" decoding=\"async\" width=\"1024\" height=\"768\" data-id=\"89\" src=\"https:\/\/www2.oldtimertaxatie.be\/wp-content\/uploads\/2024\/09\/Clemens-Schickentanz-1024x768.jpg\" alt=\"\" class=\"wp-image-89\" srcset=\"https:\/\/www2.oldtimertaxatie.be\/wp-content\/uploads\/2024\/09\/Clemens-Schickentanz-1024x768.jpg 1024w, https:\/\/www2.oldtimertaxatie.be\/wp-content\/uploads\/2024\/09\/Clemens-Schickentanz-300x225.jpg 300w, https:\/\/www2.oldtimertaxatie.be\/wp-content\/uploads\/2024\/09\/Clemens-Schickentanz-768x576.jpg 768w, https:\/\/www2.oldtimertaxatie.be\/wp-content\/uploads\/2024\/09\/Clemens-Schickentanz-1536x1152.jpg 1536w, https:\/\/www2.oldtimertaxatie.be\/wp-content\/uploads\/2024\/09\/Clemens-Schickentanz-2048x1536.jpg 2048w\" sizes=\"auto, (max-width: 1024px) 100vw, 1024px\" \/><\/figure>\n\n\n\n<figure class=\"wp-block-image size-large\"><img loading=\"lazy\" decoding=\"async\" width=\"487\" height=\"423\" data-id=\"161\" src=\"https:\/\/www2.oldtimertaxatie.be\/wp-content\/uploads\/2024\/09\/ASC15_0057lo-2.jpg\" alt=\"\" class=\"wp-image-161\" srcset=\"https:\/\/www2.oldtimertaxatie.be\/wp-content\/uploads\/2024\/09\/ASC15_0057lo-2.jpg 487w, https:\/\/www2.oldtimertaxatie.be\/wp-content\/uploads\/2024\/09\/ASC15_0057lo-2-300x261.jpg 300w\" sizes=\"auto, (max-width: 487px) 100vw, 487px\" \/><\/figure>\n\n\n\n<figure class=\"wp-block-image size-large\"><img loading=\"lazy\" decoding=\"async\" width=\"1024\" height=\"768\" data-id=\"162\" src=\"https:\/\/www2.oldtimertaxatie.be\/wp-content\/uploads\/2024\/09\/IMG_8265-1024x768.jpg\" alt=\"\" class=\"wp-image-162\" srcset=\"https:\/\/www2.oldtimertaxatie.be\/wp-content\/uploads\/2024\/09\/IMG_8265-1024x768.jpg 1024w, https:\/\/www2.oldtimertaxatie.be\/wp-content\/uploads\/2024\/09\/IMG_8265-300x225.jpg 300w, https:\/\/www2.oldtimertaxatie.be\/wp-content\/uploads\/2024\/09\/IMG_8265-768x576.jpg 768w, https:\/\/www2.oldtimertaxatie.be\/wp-content\/uploads\/2024\/09\/IMG_8265-1536x1152.jpg 1536w, https:\/\/www2.oldtimertaxatie.be\/wp-content\/uploads\/2024\/09\/IMG_8265-2048x1536.jpg 2048w\" sizes=\"auto, (max-width: 1024px) 100vw, 1024px\" \/><\/figure>\n\n\n\n<figure class=\"wp-block-image size-large\"><img loading=\"lazy\" decoding=\"async\" width=\"768\" height=\"1024\" data-id=\"70\" src=\"https:\/\/www2.oldtimertaxatie.be\/wp-content\/uploads\/2024\/09\/Jacky-Ickx-768x1024.jpg\" alt=\"\" class=\"wp-image-70\" srcset=\"https:\/\/www2.oldtimertaxatie.be\/wp-content\/uploads\/2024\/09\/Jacky-Ickx-768x1024.jpg 768w, https:\/\/www2.oldtimertaxatie.be\/wp-content\/uploads\/2024\/09\/Jacky-Ickx-225x300.jpg 225w, https:\/\/www2.oldtimertaxatie.be\/wp-content\/uploads\/2024\/09\/Jacky-Ickx-1152x1536.jpg 1152w, https:\/\/www2.oldtimertaxatie.be\/wp-content\/uploads\/2024\/09\/Jacky-Ickx-1536x2048.jpg 1536w, https:\/\/www2.oldtimertaxatie.be\/wp-content\/uploads\/2024\/09\/Jacky-Ickx-scaled.jpg 1920w\" sizes=\"auto, (max-width: 768px) 100vw, 768px\" \/><\/figure>\n\n\n\n<figure class=\"wp-block-image size-large\"><img loading=\"lazy\" decoding=\"async\" width=\"768\" height=\"1024\" data-id=\"164\" src=\"https:\/\/www2.oldtimertaxatie.be\/wp-content\/uploads\/2024\/09\/jeantodt-768x1024.jpg\" alt=\"\" class=\"wp-image-164\" srcset=\"https:\/\/www2.oldtimertaxatie.be\/wp-content\/uploads\/2024\/09\/jeantodt-768x1024.jpg 768w, https:\/\/www2.oldtimertaxatie.be\/wp-content\/uploads\/2024\/09\/jeantodt-225x300.jpg 225w, https:\/\/www2.oldtimertaxatie.be\/wp-content\/uploads\/2024\/09\/jeantodt-1152x1536.jpg 1152w, https:\/\/www2.oldtimertaxatie.be\/wp-content\/uploads\/2024\/09\/jeantodt.jpg 1440w\" sizes=\"auto, (max-width: 768px) 100vw, 768px\" \/><\/figure>\n<\/figure>\n\n<p>Valentino Balboni, Thierry Boutsen, Adolfo Orsi, Bibendum, Clemens Schickentanz, Norman Dewis, Jurgen Barth, Jacky Ickx, Jean Todt<\/p>\n\n<p><\/p>\n","protected":false},"excerpt":{"rendered":"<p>Gert R\u00fcben ist seit seiner Kindheit von allen Formen der Technik begeistert und besch\u00e4ftigt sich seit mehr als 35 Jahren aktiv mit Oldtimern. Schon als Student arbeitete er bei verschiedenen Spezialisten f\u00fcr Oldtimer und Markenh\u00e4ndler f\u00fcr Sportwagen. Nach seinem Bachelor-Abschluss in Automobiltechnik (Hoger Technisch Instutuut K. Mercier Br\u00fcssel &#8211; 1992) wurde er Schadensgutachter bei verschiedenen [&hellip;]<\/p>\n","protected":false},"author":1,"featured_media":0,"parent":0,"menu_order":0,"comment_status":"closed","ping_status":"closed","template":"","meta":{"footnotes":""},"class_list":["post-420","page","type-page","status-publish","hentry"],"_links":{"self":[{"href":"https:\/\/www2.oldtimertaxatie.be\/index.php\/wp-json\/wp\/v2\/pages\/420","targetHints":{"allow":["GET"]}}],"collection":[{"href":"https:\/\/www2.oldtimertaxatie.be\/index.php\/wp-json\/wp\/v2\/pages"}],"about":[{"href":"https:\/\/www2.oldtimertaxatie.be\/index.php\/wp-json\/wp\/v2\/types\/page"}],"author":[{"embeddable":true,"href":"https:\/\/www2.oldtimertaxatie.be\/index.php\/wp-json\/wp\/v2\/users\/1"}],"replies":[{"embeddable":true,"href":"https:\/\/www2.oldtimertaxatie.be\/index.php\/wp-json\/wp\/v2\/comments?post=420"}],"version-history":[{"count":4,"href":"https:\/\/www2.oldtimertaxatie.be\/index.php\/wp-json\/wp\/v2\/pages\/420\/revisions"}],"predecessor-version":[{"id":553,"href":"https:\/\/www2.oldtimertaxatie.be\/index.php\/wp-json\/wp\/v2\/pages\/420\/revisions\/553"}],"wp:attachment":[{"href":"https:\/\/www2.oldtimertaxatie.be\/index.php\/wp-json\/wp\/v2\/media?parent=420"}],"curies":[{"name":"wp","href":"https:\/\/api.w.org\/{rel}","templated":true}]}}